{"id":549,"date":"2018-02-25T14:13:10","date_gmt":"2018-02-25T14:13:10","guid":{"rendered":"http:\/\/ecdetoekomst.nl\/?page_id=549"},"modified":"2022-03-09T21:18:06","modified_gmt":"2022-03-09T21:18:06","slug":"op-het-dak-van-een-ander","status":"publish","type":"page","link":"https:\/\/ecdetoekomst.nl\/?page_id=549","title":{"rendered":"Op het dak van een ander"},"content":{"rendered":"<h1><img loading=\"lazy\" decoding=\"async\" class=\"alignnone  wp-image-1224\" src=\"http:\/\/ecdetoekomst.nl\/wp-content\/uploads\/2019\/05\/AFM-geen-prospectusplicht-300x12.jpg\" alt=\"\" width=\"575\" height=\"23\" srcset=\"https:\/\/ecdetoekomst.nl\/wp-content\/uploads\/2019\/05\/AFM-geen-prospectusplicht-300x12.jpg 300w, https:\/\/ecdetoekomst.nl\/wp-content\/uploads\/2019\/05\/AFM-geen-prospectusplicht-768x31.jpg 768w, https:\/\/ecdetoekomst.nl\/wp-content\/uploads\/2019\/05\/AFM-geen-prospectusplicht-1024x41.jpg 1024w, https:\/\/ecdetoekomst.nl\/wp-content\/uploads\/2019\/05\/AFM-geen-prospectusplicht.jpg 1100w\" sizes=\"(max-width: 575px) 100vw, 575px\" \/><\/h1>\n<h1>Zonnepanelen van de co\u00f6peratie<\/h1>\n<p>De co\u00f6peratie is eigenaar van alle panelen op het gezamenlijke dak. U neemt daarin deel voor een bepaald aantal panelen. \u00c9\u00e9n zoncertificaat komt overeen met \u00e9\u00e9n zonnepaneel.<\/p>\n<p>Energieco\u00f6peratie De Toekomst maakt, net als alle zonneco\u00f6peraties, gebruik van de postcoderoos-regeling.\u00a0Dat is voor u\u00a0financieel het meest voordelig.<\/p>\n<p>Onderstaande bedragen zijn bij benadering. Ze zullen in de definitieve deelname mogelijk licht afwijken.<\/p>\n<p><em><strong>Wat kost het?<\/strong><\/em><\/p>\n<p>De <strong>aankoopsom<\/strong> van een zonnepaneel is <strong>\u20ac 250. <\/strong>Dat is <strong>\u00e9\u00e9nmalig<\/strong>, daar worden de aanschaf en installatiekosten van de zonnepanelen, de omvormers, de leidingen en alle andere noodzakelijke zaken zoals de notaris etc. van betaald.<\/p>\n<p>Daarnaast betaalt u \u20ac 10 per jaar lidmaatschapsgeld\/inleggeld (dit is ongeacht het aantal panelen dat u heeft). De leden van de co\u00f6peratie zelf bepalen in de algemene ledenvergadering elk jaar de hoogte van het lidmaatschap \/ de inleg.<\/p>\n<p><em><strong>Wat levert het op?<\/strong><\/em><\/p>\n<p>Een zonnepaneel van 305 Wp levert per jaar circa 285 kWh aan elektriciteit op. (Mogelijk wel iets meer, maar wij houden 285 kWh aan.)<\/p>\n<p>Voor de deelnemers,\u00a0betekent dat een korting op de energiebelasting (incl BTW) van \u20ac 0,119 per kWh. U ziet dat terug\u00a0op uw energie jaarafrekening. Er is geen korting op belasting boven uw verbruik en u kunt voor maximaal 10.000 kWh deelnemen.<\/p>\n<p>De co\u00f6peratie verkoopt de geproduceerde stroom van het dak\u00a0aan een energiebedrijf. Hier worden de exploitatiekosten van betaald.<\/p>\n<p>In 2019 zijn de netto opbrengsten per paneel circa\u00a0<strong>\u20ac 34,01 per jaar. Bij onze berekeningen gaan wij voor de zekerheid uit van \u20ac30,00 per jaar.<\/strong><\/p>\n<p>Al onze berekeningen zijn gebaseerd op een periode van 15 jaar. De zonnestroom-installatie functioneert daarna overigens nog prima. De dakeigenaar wordt na 15 jaar eigenaar van de installatie.<\/p>\n<p><strong>Rekenvoorbeeld\u00a0<\/strong><\/p>\n<p>In dit rekenvoorbeeld gaan we er vanuit dat we een installatie realiseren van 180 panelen en dat we met 18 leden meedoen. Gemiddeld dus met 10\u00a0panelen per deelnemer. Uiteraard kan het aantal panelen van deelnemer tot deelnemer verschillen. U beslist\u00a0uiteindelijk zelf met hoeveel panelen u deel wilt nemen!<\/p>\n<p><em><strong>De kosten<\/strong><\/em><\/p>\n<p>De kosten van het project bestaan grofweg uit twee delen:<\/p>\n<ol>\n<li>de kosten van de installatie zelf<\/li>\n<li>de kosten om via de co\u00f6peratie het project te realiseren<\/li>\n<\/ol>\n<p>In het eerste geval kunt u denken aan de kosten van de zonnepanelen zelf en de kosten van de installatie. In het tweede geval gaat het om de kosten voor het onderzoek aan het dak, de kosten van de notaris, de kosten van het kadaster, de kosten van de kamer van koophandel enz. Deze kosten bedragen minder dan 10% van de totale kosten van het project.<\/p>\n<p>De totale kosten van dit project, inclusief BTW, bedragen \u20ac55.000. Daarvoor bouwen we een installatie van 180 panelen en alles wat daarbij hoort. Van dit bedrag is bijna \u20ac10.000 BTW. De BTW vorderen we na de aanleg, ongeveer drie maanden later, terug. De netto-investering bedraagt dus zo\u2019n \u20ac45.000\u00a0euro.<\/p>\n<p><em><strong>De opbrengsten<\/strong><\/em><\/p>\n<p>Er zijn voor u als deelnemer twee soorten opbrengsten:<\/p>\n<ol>\n<li>Opbrengsten van de co\u00f6peratie. Die opbrengsten realiseren wij door de stroom die we opwekken met de zonnestroom-installatie te verkopen aan een Energiebedrijf.<\/li>\n<li>Korting op uw energiebelasting (en de BTW daarover).<\/li>\n<\/ol>\n<p>Wij verkopen de geproduceerde stroom aan een energiebedrijf. Bijvoorbeeld EnergieVanOns. Zij betalen ons daarvoor een vergoeding. E\u00e9nmaal per jaar ontvangt de co\u00f6peratie de opbrengsten uit verkoop. Daaruit betalen we eerst de kosten van de co\u00f6peratie zoals\u00a0 verzekering, onderhoud en administratie. De rest wordt uitbetaald op de bankrekening van de deelnemers naar rato van het aantal panelen. Afhankelijk van de vergoeding varieert dit bedrag van \u20ac 0 tot \u20ac130 per gemiddelde deelnemer met 10 panelen per jaar. In dit rekenvoorbeeld nemen wij dit niet mee. Er worden eerst reserves opgebouwd. Maar het geld blijft eigendom van de deelnemers en zij kunnen zelf over de bestemming beslissen.<\/p>\n<p>Het tweede deel van uw opbrengsten is de korting die u ontvangt op uw energiebelasting. Op uw huidige energienota wordt een flinke energiebelasting geheven over uw elektriciteitsverbruik. Over die belasting wordt ook nog eens BTW geheven! Voor elke kWh die u opwekt via de zonnestroom-installatie van Energieco\u00f6peratie De Toekomst hoeft u helemaal geen energiebelasting meer te betalen. Per gemiddelde deelnemer is dit ongeveer \u20ac300,- per jaar.<\/p>\n<p>Per jaar ontvangt u als deelnemer dus circa \u20ac300,- voor uw 10\u00a0panelen. Daarnaast ontvangt de co\u00f6peratie nog een bonus afhankelijk van het\u00a0 energiebedrijf waar u de stroom van afneemt. Bij Energie VanOns is dat <strong>75 euro<\/strong> per jaar, bij Greenchoice <strong>25 euro<\/strong> per jaar en bij de NUON 0 (nul) euro per jaar. De leden beslissen over de bestemming van deze gelden.<\/p>\n<p><strong>De opbrengst voor een geheel jaar is circa \u20ac34,01 per paneel uitgaand van de huidige energiebelasting. Voor de zekerheid gaan wij echter uit van \u20ac 30,00 euro per paneel per jaar.<br \/>\n<\/strong><\/p>\n<p>Indien u de panelen heeft <strong>aangekocht<\/strong> voor \u20ac2.500,-\u00a0 (10 panelen) duurt het dus ongeveer 8,5\u00a0 jaar tot u uw investering heeft \u2018terugverdiend\u2019. En heeft u dus daarna nog ruim 6,5 jaar gratis stroom!<\/p>\n<p>We hebben deze berekening voor u opgesteld rekening houdende met een minimale vergoeding voor de levering van de elektriciteit door Energieco\u00f6peratie &#8216;De Toekomst&#8217;. En wij hebben gerekend met het energiebelastingtarief van 2019. De hoogte daarvan wordt jaarlijks door het ministerie van Economische Zaken vastgesteld.We hebben geen rekening gehouden met inflatie (uw geld wordt in de loop der tijd steeds minder waard) maar ook niet met de stijging van de energieprijzen (waardoor onze opbrengsten hoger worden). Alle getallen zijn dus uitgedrukt in de waarde die een euro vandaag voor u heeft.<\/p>\n<p><em><strong>Risico&#8217;s<\/strong><\/em><\/p>\n<p>De risico&#8217;s van deelname zijn beschreven in een informatiedocument. Dit is <a href=\"http:\/\/ecdetoekomst.nl\/wp-content\/uploads\/2019\/05\/2019-AFM-Informatiememorandum-Zonnecertificaten-de-Meenthe.pdf\">hier<\/a> te downloaden. De voornaamste risico&#8217;s zijn: minder zonuren dan begroot, verlaging van het tarief van de energiebelasting dat door de overheid jaarlijks wordt vastgesteld en een lagere verkoopprijs van de electriciteit dan begroot.<\/p>\n<p><em><strong>Subsidies<\/strong><\/em><\/p>\n<p>Energieco\u00f6peratie De Toekomst probeert gebruik te maken van subsidie. Daar zullen we de nodige energie in moeten steken om daarvoor in aanmerking te komen. Als we subsidie krijgen heeft dat voor u belangrijke voordelen. Elke \u20ac5.000\u00a0 subsidie voor onze installatie zorgt er voor dat de terugverdientijd een half jaar korter wordt. Des te langer profiteert u dus van \u2018gratis\u2019 energie!<\/p>\n<p><em><strong>Hoeveel stroom zal ik gaan opwekken met mijn zonnepanelen?<\/strong><\/em><\/p>\n<p>Bekijk\u00a0altijd hoeveel kWh u per jaar verbruikt. Uw jaarlijkse elektriciteitsverbruik in kWh is terug te vinden op uw energierekening.<\/p>\n<p>Als rekenvoorbeeld: bij een\u00a0jaarlijks verbruik van\u00a03000 kWh heeft u\u00a010 zonnepanelen nodig om uw totale verbruik via Energieco\u00f6peratie De Toekomst\u00a0te laten produceren. U kunt bij Energieco\u00f6peratie De Toekomst al deelnemen vanaf 1 paneel.<\/p>\n<p>Probeer ook rekening te houden met toekomstige ontwikkelingen van uw verbruik. Blijf daarom ongeveer 10% onder uw huidige verbruik. Denk daarbij aan gezinsuitbreiding of kinderen die het huis uit gaan. Ook kan het zijn dat u meer stroom gaat gebruiken, als u gasverbruik inruilt voor meer stroomverbruik (voor oven, koken, boiler, infrarood-verwarming) of wanneer u elektrisch gaat rijden met de fiets of de auto.<\/p>\n<p>Overzicht kosten en opbrengsten bij<strong> AANKOOP<\/strong> van de Zonnepanelen voor <strong>250 euro<\/strong> per stuk:<\/p>\n<table style=\"height: 473px;\" width=\"540\">\n<tbody>\n<tr>\n<td width=\"64\"><strong>KOPEN<\/strong><\/td>\n<td colspan=\"6\" width=\"294\">\u00a0\u00a0\u00a0\u00a0\u00a0\u00a0\u00a0\u00a0\u00a0\u00a0\u00a0\u00a0 Uw elektriciteitsverbruik in kWh per jaar<\/td>\n<\/tr>\n<tr>\n<td><\/td>\n<td>\u00a01600<\/td>\n<td>2600<\/td>\n<td>3600<\/td>\n<td>4600<\/td>\n<td>6000<\/td>\n<td>9000<\/td>\n<\/tr>\n<tr>\n<td>Aankoop<\/td>\n<td><\/td>\n<td><\/td>\n<td><\/td>\n<td><\/td>\n<td><\/td>\n<td><\/td>\n<\/tr>\n<tr>\n<td>aantal<\/td>\n<td>\u00a0\u00a0\u00a0 5<\/td>\n<td>\u00a0\u00a0 8<\/td>\n<td>\u00a0\u00a0 12<\/td>\n<td>\u00a0 15<\/td>\n<td>\u00a0\u00a0 20<\/td>\n<td>\u00a0\u00a0 30<\/td>\n<\/tr>\n<tr>\n<td>panelen<\/td>\n<td><\/td>\n<td><\/td>\n<td><\/td>\n<td><\/td>\n<td><\/td>\n<td><\/td>\n<\/tr>\n<tr>\n<td>Aankoop<\/td>\n<td><\/td>\n<td><\/td>\n<td><\/td>\n<td><\/td>\n<td><\/td>\n<td><\/td>\n<\/tr>\n<tr>\n<td>kosten<\/td>\n<td>\u00a0\u20ac 1.250<\/td>\n<td>\u20ac 2.000<\/td>\n<td>\u20ac 3.000<\/td>\n<td>\u20ac 3.750<\/td>\n<td>\u20ac 5.000<\/td>\n<td>\u20ac 7500<\/td>\n<\/tr>\n<tr>\n<td>Opbrengst<\/td>\n<td><\/td>\n<td><\/td>\n<td><\/td>\n<td><\/td>\n<td><\/td>\n<td><\/td>\n<\/tr>\n<tr>\n<td>per jaar<\/td>\n<td>\u00a0\u00a0 \u20ac 150<\/td>\n<td>\u00a0 \u20ac 240<\/td>\n<td>\u00a0 \u20ac 360<\/td>\n<td>\u00a0 \u20ac 450<\/td>\n<td>\u00a0 \u20ac 600<\/td>\n<td>\u00a0 \u20ac 900<\/td>\n<\/tr>\n<tr>\n<td>Na 15 jaar<\/td>\n<td><\/td>\n<td><\/td>\n<td><\/td>\n<td><\/td>\n<td><\/td>\n<td><\/td>\n<\/tr>\n<tr>\n<td>Resultaat<\/td>\n<td>\u00a0\u00a0 \u20ac 1000<\/td>\n<td>\u00a0\u20ac 1600<\/td>\n<td>\u00a0\u20ac 2400<\/td>\n<td>\u00a0\u20ac 3000<\/td>\n<td>\u00a0\u20ac 4000<\/td>\n<td>\u00a0\u20ac 6000<\/td>\n<\/tr>\n<\/tbody>\n<\/table>\n<p>Wilt u ook deelnemen in ons tweede zonnedak ?<\/p>\n<p>Dit kan door Uw Naam en Het Aantal Zonnepanelen door te mailen naar: <a href=\"mailto:ecdetoekomst@gmx.com\">ecdetoekomst@gmx.com<\/a><\/p>\n<p>Voor nadere informatie kunt u bellen met 0561-441061.<\/p>\n","protected":false},"excerpt":{"rendered":"<p>Zonnepanelen van de co\u00f6peratie De co\u00f6peratie is eigenaar van alle panelen op het gezamenlijke dak. U neemt daarin deel voor een bepaald aantal panelen. \u00c9\u00e9n zoncertificaat komt overeen met \u00e9\u00e9n zonnepaneel. Energieco\u00f6peratie De Toekomst maakt, net als alle zonneco\u00f6peraties, gebruik van de postcoderoos-regeling.\u00a0Dat is voor u\u00a0financieel het meest voordelig. Onderstaande bedragen zijn bij benadering. Ze &hellip; <\/p>\n<p class=\"link-more\"><a href=\"https:\/\/ecdetoekomst.nl\/?page_id=549\" class=\"more-link\">Lees verder <span class=\"screen-reader-text\">&#8220;Op het dak van een ander&#8221;<\/span><\/a><\/p>\n","protected":false},"author":4,"featured_media":0,"parent":0,"menu_order":0,"comment_status":"closed","ping_status":"closed","template":"","meta":{"footnotes":""},"_links":{"self":[{"href":"https:\/\/ecdetoekomst.nl\/index.php?rest_route=\/wp\/v2\/pages\/549"}],"collection":[{"href":"https:\/\/ecdetoekomst.nl\/index.php?rest_route=\/wp\/v2\/pages"}],"about":[{"href":"https:\/\/ecdetoekomst.nl\/index.php?rest_route=\/wp\/v2\/types\/page"}],"author":[{"embeddable":true,"href":"https:\/\/ecdetoekomst.nl\/index.php?rest_route=\/wp\/v2\/users\/4"}],"replies":[{"embeddable":true,"href":"https:\/\/ecdetoekomst.nl\/index.php?rest_route=%2Fwp%2Fv2%2Fcomments&post=549"}],"version-history":[{"count":68,"href":"https:\/\/ecdetoekomst.nl\/index.php?rest_route=\/wp\/v2\/pages\/549\/revisions"}],"predecessor-version":[{"id":1421,"href":"https:\/\/ecdetoekomst.nl\/index.php?rest_route=\/wp\/v2\/pages\/549\/revisions\/1421"}],"wp:attachment":[{"href":"https:\/\/ecdetoekomst.nl\/index.php?rest_route=%2Fwp%2Fv2%2Fmedia&parent=549"}],"curies":[{"name":"wp","href":"https:\/\/api.w.org\/{rel}","templated":true}]}}